{"id":2,"date":"2011-04-06T00:26:07","date_gmt":"2011-04-06T05:26:07","guid":{"rendered":"http:\/\/hogaresnoticia.com.mx\/?page_id=2"},"modified":"2013-05-19T16:52:06","modified_gmt":"2013-05-19T21:52:06","slug":"sample-page","status":"publish","type":"page","link":"https:\/\/hogaresnoticia.com.mx\/?page_id=2","title":{"rendered":"Qui\u00e9nes Somos"},"content":{"rendered":"<p style=\"text-align: justify;\"><span style=\"color: #000000;\"><strong><a href=\"http:\/\/www.hogaresnoticia.com.mx\">Hogar Es Noticia <\/a><\/strong>es un portal especializado en ofrecer tips, recomendaciones y\u00a0consejos para que el consumidor final de vivienda tome la mejor decisi\u00f3n respecto a su cr\u00e9dito y compra de casa nueva o usada. Nuestra ventaja competitiva est\u00e1 en las redes sociales y en informar oportunamente con apoyo de quienes generan directamente la informaci\u00f3n.<\/span><\/p>\n<p style=\"text-align: justify;\"><span style=\"color: #000000;\"><strong>\u00bfCu\u00e1l es el objetivo de este sitio web?<\/strong><\/span><\/p>\n<p style=\"text-align: justify;\"><span style=\"color: #000000;\">Ser enlace entre las diferentes dependencias, empresas y personajes que componen la industria en su conjunto e informador oportuno de los programas institucionales dirigidos al consumidor final de vivienda, a partir de que Internet como herramienta es un medio \u00e1gil y con mayor penetraci\u00f3n.<\/span><\/p>\n<p style=\"text-align: justify;\"><span style=\"color: #000000;\"><strong>&#8211; \u00bfPor qu\u00e9 Internet?<\/strong><\/span><\/p>\n<p style=\"text-align: justify;\"><span style=\"color: #000000;\">Si consideramos la importancia que actualmente tiene las tecnolog\u00edas de la informaci\u00f3n, el portal \u00a0se convierte en el sitio especializado para desarrollar nuevos canales de difusi\u00f3n, al acercar a quienes promueven programas institucionales, con los receptores a quienes pretenden llegar.<\/span><\/p>\n<p style=\"text-align: justify;\"><span style=\"color: #000000;\"><strong>&#8211; \u00bfD\u00f3nde est\u00e1 la ventaja competitiva del portal?<\/strong><\/span><\/p>\n<p style=\"text-align: justify;\"><span style=\"color: #000000;\">En los m\u00e1s de 7,500 followers en Twitter y m\u00e1s de 6,000 usuarios en Facebook y la r\u00e9plica generada v\u00eda terceros.<\/span><span style=\"color: #000000;\"><br \/>\n<\/span><span style=\"color: #000000;\">En <\/span>la <span style=\"color: #000000;\">informaci\u00f3n propia y opini\u00f3n de sus expertos. Adem\u00e1s, c<\/span><span style=\"color: #000000;\">oncentramos toda la tarea period\u00edstica, creativa, de mercadotecnia y comercial s\u00f3lo en internet, lo que nos hace especialistas en el ramo al no distraer la atenci\u00f3n de su servicio en otros medios. Esto garantiza que por su inmediatez y penetraci\u00f3n nos convirtamos en punto de encuentro para los tomadores de decisiones del sector y los consumidores finales. <\/span><\/p>\n<p style=\"text-align: justify;\"><span style=\"color: #000000;\"><strong> <\/strong><strong>&#8211; Desde el \u00e1mbito publicitario \u00bfcu\u00e1l es nuestro valor agregado?<\/strong><\/span><\/p>\n<p style=\"text-align: justify;\"><span style=\"color: #000000;\">Mientras que en un medio impreso la publicidad tiene impacto s\u00f3lo en el d\u00eda de su publicaci\u00f3n, en Internet mantiene presencia diaria durante el tiempo que permanece abierta la campa\u00f1a. Al incorporar informaci\u00f3n editorial constante, mantenemos el inter\u00e9s de los lectores por entrar al sitio, lo que garantiza que su marca, programa, producto o servicio sea visto de manera permanente.<\/span><\/p>\n<p style=\"text-align: justify;\"><span style=\"color: #000000;\"><strong>&#8211; \u00bfCon qu\u00e9 infraestructura contamos?<\/strong><\/span><\/p>\n<p style=\"text-align: justify;\"><span style=\"color: #000000;\">Con la infraestructura tecnol\u00f3gica y humana de vanguardia y capacitada para llegar al p\u00fablico objetivo que buscas.\u00a0 Por su contenido, objetividad, inmediatez e interacci\u00f3n con el cibernauta, es que tenemos el medio adecuado para la difusi\u00f3n de tu marca o producto.<\/span><\/p>\n<p style=\"text-align: justify;\"><span style=\"color: #000000;\"><strong>&#8211; \u00bfEn qu\u00e9 contexto se desarrolla el portal? <\/strong><\/span><\/p>\n<p style=\"text-align: justify;\"><span style=\"color: #000000;\">Los estudios internacionales m\u00e1s recientes indican que el medio m\u00e1s \u00e1gil, con mayores opciones y costos relativamente inferiores y m\u00e1s competitivos en publicidad es Internet.\u00a0 En promedio las cada vez m\u00e1s numerosas peque\u00f1as y medianas empresas dedican 30% de su gasto publicitario a Internet, en tanto que las grandes empresas o instituciones gubernamentales ya comenzaron a confiar en este medio.<\/span><\/p>\n<p style=\"text-align: justify;\"><span style=\"color: #000000;\">Un pron\u00f3stico de <strong>Zenith Optimedia<\/strong> muestra que el gasto mundial de publicidad en Internet se incrementar\u00e1 31.5% entre el 2011 y el 2013, esperando alcanzar m\u00e1s de 72,000 millones de d\u00f3lares este a\u00f1o y 94,000 millones en el 2013. En tanto que se espera que el gasto de publicidad total incremente 12% para ese mismo a\u00f1o, alcanzando m\u00e1s de 519,000 mdd.<\/span><\/p>\n","protected":false},"excerpt":{"rendered":"<p>Hogar Es Noticia es un portal especializado en ofrecer tips, recomendaciones y\u00a0consejos para que el consumidor final de vivienda tome la mejor decisi\u00f3n respecto a su cr\u00e9dito y compra de casa nueva o usada. Nuestra ventaja competitiva est\u00e1 en las redes sociales y en informar oportunamente con apoyo de quienes generan directamente la informaci\u00f3n. \u00bfCu\u00e1l<a href=\"https:\/\/hogaresnoticia.com.mx\/?page_id=2\">&nbsp;&nbsp;[ Leer m\u00e1s ]<\/a><\/p>\n","protected":false},"author":1,"featured_media":0,"parent":0,"menu_order":0,"comment_status":"open","ping_status":"open","template":"","meta":{"footnotes":""},"class_list":["post-2","page","type-page","status-publish","hentry"],"_links":{"self":[{"href":"https:\/\/hogaresnoticia.com.mx\/index.php?rest_route=\/wp\/v2\/pages\/2","targetHints":{"allow":["GET"]}}],"collection":[{"href":"https:\/\/hogaresnoticia.com.mx\/index.php?rest_route=\/wp\/v2\/pages"}],"about":[{"href":"https:\/\/hogaresnoticia.com.mx\/index.php?rest_route=\/wp\/v2\/types\/page"}],"author":[{"embeddable":true,"href":"https:\/\/hogaresnoticia.com.mx\/index.php?rest_route=\/wp\/v2\/users\/1"}],"replies":[{"embeddable":true,"href":"https:\/\/hogaresnoticia.com.mx\/index.php?rest_route=%2Fwp%2Fv2%2Fcomments&post=2"}],"version-history":[{"count":0,"href":"https:\/\/hogaresnoticia.com.mx\/index.php?rest_route=\/wp\/v2\/pages\/2\/revisions"}],"wp:attachment":[{"href":"https:\/\/hogaresnoticia.com.mx\/index.php?rest_route=%2Fwp%2Fv2%2Fmedia&parent=2"}],"curies":[{"name":"wp","href":"https:\/\/api.w.org\/{rel}","templated":true}]}}