{"id":760,"date":"2011-08-03T20:33:27","date_gmt":"2011-08-04T01:33:27","guid":{"rendered":"http:\/\/hogaresnoticia.com.mx\/?page_id=760"},"modified":"2014-07-04T19:14:24","modified_gmt":"2014-07-05T00:14:24","slug":"agenda","status":"publish","type":"page","link":"https:\/\/hogaresnoticia.com.mx\/?page_id=760","title":{"rendered":"Ferias de vivienda"},"content":{"rendered":"<p>&nbsp;<\/p>\n<table id=\"tablaH1\">\n<tbody>\n<tr>\n<th><strong>Fecha y estado<\/strong><\/th>\n<th><strong>Evento<\/strong><\/th>\n<th><strong>Dirigido a<\/strong><\/th>\n<th><strong>Direcci\u00f3n<\/strong><\/th>\n<th><strong>Horario<\/strong><\/th>\n<\/tr>\n<tr>\n<td>Viernes 25 al domingo 27 de octubre.<\/p>\n<p>&nbsp;<\/p>\n<p>Michoac\u00e1n.<\/td>\n<td>Feria de Vivienda Infonavit Uruapan.<\/td>\n<td>Derechohabientes del Infonavit.<\/td>\n<td>Estacionamiento de plaza \u00c1gora de Uruapan, col. Eduardo Ruiz, a un costado de Sam\u2019s.<\/p>\n<p>&nbsp;<\/td>\n<td>De las 10 de la ma\u00f1ana a las 9 de la noche.<\/td>\n<\/tr>\n<\/tbody>\n<\/table>\n<p>&nbsp;<\/p>\n","protected":false},"excerpt":{"rendered":"<p>&nbsp; Fecha y estado Evento Dirigido a Direcci\u00f3n Horario Viernes 25 al domingo 27 de octubre. &nbsp; Michoac\u00e1n. Feria de Vivienda Infonavit Uruapan. Derechohabientes del Infonavit. Estacionamiento de plaza \u00c1gora de Uruapan, col. Eduardo Ruiz, a un costado de Sam\u2019s. &nbsp; De las 10 de la ma\u00f1ana a las 9 de la noche. &nbsp;<\/p>\n","protected":false},"author":1,"featured_media":0,"parent":0,"menu_order":0,"comment_status":"open","ping_status":"open","template":"","meta":{"footnotes":""},"class_list":["post-760","page","type-page","status-publish","hentry"],"_links":{"self":[{"href":"https:\/\/hogaresnoticia.com.mx\/index.php?rest_route=\/wp\/v2\/pages\/760","targetHints":{"allow":["GET"]}}],"collection":[{"href":"https:\/\/hogaresnoticia.com.mx\/index.php?rest_route=\/wp\/v2\/pages"}],"about":[{"href":"https:\/\/hogaresnoticia.com.mx\/index.php?rest_route=\/wp\/v2\/types\/page"}],"author":[{"embeddable":true,"href":"https:\/\/hogaresnoticia.com.mx\/index.php?rest_route=\/wp\/v2\/users\/1"}],"replies":[{"embeddable":true,"href":"https:\/\/hogaresnoticia.com.mx\/index.php?rest_route=%2Fwp%2Fv2%2Fcomments&post=760"}],"version-history":[{"count":0,"href":"https:\/\/hogaresnoticia.com.mx\/index.php?rest_route=\/wp\/v2\/pages\/760\/revisions"}],"wp:attachment":[{"href":"https:\/\/hogaresnoticia.com.mx\/index.php?rest_route=%2Fwp%2Fv2%2Fmedia&parent=760"}],"curies":[{"name":"wp","href":"https:\/\/api.w.org\/{rel}","templated":true}]}}